{"id":10,"date":"2024-03-27T18:29:22","date_gmt":"2024-03-27T18:29:22","guid":{"rendered":"https:\/\/2024.wwii-refugees.ee\/galerii\/"},"modified":"2024-08-16T03:28:44","modified_gmt":"2024-08-16T03:28:44","slug":"galerii","status":"publish","type":"page","link":"https:\/\/2024.wwii-refugees.ee\/en\/galerii\/","title":{"rendered":"Galerii"},"content":{"rendered":"\n<div class=\"wp-block-group alignfull has-background-background-color has-background has-global-padding is-layout-constrained wp-container-core-group-is-layout-33b721a0 wp-block-group-is-layout-constrained\" style=\"margin-top:0;margin-bottom:0;padding-top:0;padding-right:0;padding-left:0\">\n<div class=\"wp-block-cover alignfull\" style=\"padding-top:0;padding-right:var(--wp--preset--spacing--30);padding-bottom:0;padding-left:var(--wp--preset--spacing--30);min-height:50px;aspect-ratio:unset;\"><span aria-hidden=\"true\" class=\"wp-block-cover__background has-black-background-color has-background-dim-60 has-background-dim\"><\/span><img fetchpriority=\"high\" decoding=\"async\" width=\"1280\" height=\"853\" class=\"wp-block-cover__image-background wp-image-660\" alt=\"\" src=\"https:\/\/2024.wwii-refugees.ee\/wp-content\/uploads\/2024\/08\/996bc687998e2daa60de9192c5ad7ea2dd9a1ebc.jpg\" data-object-fit=\"cover\" srcset=\"https:\/\/2024.wwii-refugees.ee\/wp-content\/uploads\/2024\/08\/996bc687998e2daa60de9192c5ad7ea2dd9a1ebc.jpg 1280w, https:\/\/2024.wwii-refugees.ee\/wp-content\/uploads\/2024\/08\/996bc687998e2daa60de9192c5ad7ea2dd9a1ebc-300x200.jpg 300w, https:\/\/2024.wwii-refugees.ee\/wp-content\/uploads\/2024\/08\/996bc687998e2daa60de9192c5ad7ea2dd9a1ebc-1024x682.jpg 1024w, https:\/\/2024.wwii-refugees.ee\/wp-content\/uploads\/2024\/08\/996bc687998e2daa60de9192c5ad7ea2dd9a1ebc-768x512.jpg 768w\" sizes=\"(max-width: 1280px) 100vw, 1280px\" \/><div class=\"wp-block-cover__inner-container is-layout-flow wp-block-cover-is-layout-flow\">\n<div class=\"wp-block-group has-global-padding is-layout-constrained wp-block-group-is-layout-constrained\" style=\"padding-top:var(--wp--preset--spacing--60);padding-bottom:var(--wp--preset--spacing--60)\">\n<div class=\"wp-block-group alignwide has-global-padding is-content-justification-center is-layout-constrained wp-block-group-is-layout-constrained\">\n<h1 class=\"wp-block-heading has-text-align-center has-text-color has-x-large-font-size\" style=\"color:#fffffffc\">P\u00f5nevad n\u00e4itused minevikust: avasta Eesti ajaloo saladused<\/h1>\n\n\n\n<p class=\"has-text-align-center has-text-color\" style=\"color:#fffffffc;margin-top:16px\">Tutvu meie p\u00f5neva galeriiga ja avasta Eesti ajaloo rikkalikud s\u00fcndmused ja kultuurip\u00e4rand.<\/p>\n<\/div>\n<\/div>\n<\/div><\/div>\n<\/div>\n\n<div class=\"wp-block-group alignfull has-background-background-color has-background has-global-padding is-layout-constrained wp-container-core-group-is-layout-a5842943 wp-block-group-is-layout-constrained\" style=\"padding-top:var(--wp--preset--spacing--60);padding-right:var(--wp--preset--spacing--30);padding-bottom:var(--wp--preset--spacing--60);padding-left:var(--wp--preset--spacing--30)\">\n<figure class=\"wp-block-gallery alignwide has-nested-images columns-default is-cropped wp-block-gallery-1 is-layout-flex wp-block-gallery-is-layout-flex\">\n<figure data-wp-context=\"{&quot;imageId&quot;:&quot;69f72416410a5&quot;}\" data-wp-interactive=\"core\/image\" data-wp-key=\"69f72416410a5\" class=\"wp-block-image size-large wp-lightbox-container\"><img decoding=\"async\" width=\"1280\" height=\"1707\" data-wp-class--hide=\"state.isContentHidden\" data-wp-class--show=\"state.isContentVisible\" data-wp-init=\"callbacks.setButtonStyles\" data-wp-on--click=\"actions.showLightbox\" data-wp-on--load=\"callbacks.setButtonStyles\" data-wp-on-window--resize=\"callbacks.setButtonStyles\" data-id=\"661\" class=\"wp-image-661\" src=\"https:\/\/2024.wwii-refugees.ee\/wp-content\/uploads\/2024\/08\/0bc6b3ca4a5b7ae8ddc1b7a88266cf24898499a6.jpg\" alt=\"\" srcset=\"https:\/\/2024.wwii-refugees.ee\/wp-content\/uploads\/2024\/08\/0bc6b3ca4a5b7ae8ddc1b7a88266cf24898499a6.jpg 1280w, https:\/\/2024.wwii-refugees.ee\/wp-content\/uploads\/2024\/08\/0bc6b3ca4a5b7ae8ddc1b7a88266cf24898499a6-225x300.jpg 225w, https:\/\/2024.wwii-refugees.ee\/wp-content\/uploads\/2024\/08\/0bc6b3ca4a5b7ae8ddc1b7a88266cf24898499a6-768x1024.jpg 768w, https:\/\/2024.wwii-refugees.ee\/wp-content\/uploads\/2024\/08\/0bc6b3ca4a5b7ae8ddc1b7a88266cf24898499a6-1152x1536.jpg 1152w\" sizes=\"(max-width: 1280px) 100vw, 1280px\" \/><button\n\t\t\tclass=\"lightbox-trigger\"\n\t\t\ttype=\"button\"\n\t\t\taria-haspopup=\"dialog\"\n\t\t\taria-label=\"Enlarge\"\n\t\t\tdata-wp-init=\"callbacks.initTriggerButton\"\n\t\t\tdata-wp-on--click=\"actions.showLightbox\"\n\t\t\tdata-wp-style--right=\"state.imageButtonRight\"\n\t\t\tdata-wp-style--top=\"state.imageButtonTop\"\n\t\t>\n\t\t\t<svg xmlns=\"http:\/\/www.w3.org\/2000\/svg\" width=\"12\" height=\"12\" fill=\"none\" viewBox=\"0 0 12 12\">\n\t\t\t\t<path fill=\"#fff\" d=\"M2 0a2 2 0 0 0-2 2v2h1.5V2a.5.5 0 0 1 .5-.5h2V0H2Zm2 10.5H2a.5.5 0 0 1-.5-.5V8H0v2a2 2 0 0 0 2 2h2v-1.5ZM8 12v-1.5h2a.5.5 0 0 0 .5-.5V8H12v2a2 2 0 0 1-2 2H8Zm2-12a2 2 0 0 1 2 2v2h-1.5V2a.5.5 0 0 0-.5-.5H8V0h2Z\" \/>\n\t\t\t<\/svg>\n\t\t<\/button><\/figure>\n\n\n\n<figure data-wp-context=\"{&quot;imageId&quot;:&quot;69f72416413e9&quot;}\" data-wp-interactive=\"core\/image\" data-wp-key=\"69f72416413e9\" class=\"wp-block-image size-large wp-lightbox-container\"><img decoding=\"async\" width=\"1280\" height=\"1707\" data-wp-class--hide=\"state.isContentHidden\" data-wp-class--show=\"state.isContentVisible\" data-wp-init=\"callbacks.setButtonStyles\" data-wp-on--click=\"actions.showLightbox\" data-wp-on--load=\"callbacks.setButtonStyles\" data-wp-on-window--resize=\"callbacks.setButtonStyles\" data-id=\"662\" class=\"wp-image-662\" src=\"https:\/\/2024.wwii-refugees.ee\/wp-content\/uploads\/2024\/08\/44179d58ecfa8abe437a2f009b3a314bbc49b887.jpg\" alt=\"\" srcset=\"https:\/\/2024.wwii-refugees.ee\/wp-content\/uploads\/2024\/08\/44179d58ecfa8abe437a2f009b3a314bbc49b887.jpg 1280w, https:\/\/2024.wwii-refugees.ee\/wp-content\/uploads\/2024\/08\/44179d58ecfa8abe437a2f009b3a314bbc49b887-225x300.jpg 225w, https:\/\/2024.wwii-refugees.ee\/wp-content\/uploads\/2024\/08\/44179d58ecfa8abe437a2f009b3a314bbc49b887-768x1024.jpg 768w, https:\/\/2024.wwii-refugees.ee\/wp-content\/uploads\/2024\/08\/44179d58ecfa8abe437a2f009b3a314bbc49b887-1152x1536.jpg 1152w\" sizes=\"(max-width: 1280px) 100vw, 1280px\" \/><button\n\t\t\tclass=\"lightbox-trigger\"\n\t\t\ttype=\"button\"\n\t\t\taria-haspopup=\"dialog\"\n\t\t\taria-label=\"Enlarge\"\n\t\t\tdata-wp-init=\"callbacks.initTriggerButton\"\n\t\t\tdata-wp-on--click=\"actions.showLightbox\"\n\t\t\tdata-wp-style--right=\"state.imageButtonRight\"\n\t\t\tdata-wp-style--top=\"state.imageButtonTop\"\n\t\t>\n\t\t\t<svg xmlns=\"http:\/\/www.w3.org\/2000\/svg\" width=\"12\" height=\"12\" fill=\"none\" viewBox=\"0 0 12 12\">\n\t\t\t\t<path fill=\"#fff\" d=\"M2 0a2 2 0 0 0-2 2v2h1.5V2a.5.5 0 0 1 .5-.5h2V0H2Zm2 10.5H2a.5.5 0 0 1-.5-.5V8H0v2a2 2 0 0 0 2 2h2v-1.5ZM8 12v-1.5h2a.5.5 0 0 0 .5-.5V8H12v2a2 2 0 0 1-2 2H8Zm2-12a2 2 0 0 1 2 2v2h-1.5V2a.5.5 0 0 0-.5-.5H8V0h2Z\" \/>\n\t\t\t<\/svg>\n\t\t<\/button><\/figure>\n\n\n\n<figure data-wp-context=\"{&quot;imageId&quot;:&quot;69f72416415d8&quot;}\" data-wp-interactive=\"core\/image\" data-wp-key=\"69f72416415d8\" class=\"wp-block-image size-large wp-lightbox-container\"><img loading=\"lazy\" decoding=\"async\" width=\"1280\" height=\"1707\" data-wp-class--hide=\"state.isContentHidden\" data-wp-class--show=\"state.isContentVisible\" data-wp-init=\"callbacks.setButtonStyles\" data-wp-on--click=\"actions.showLightbox\" data-wp-on--load=\"callbacks.setButtonStyles\" data-wp-on-window--resize=\"callbacks.setButtonStyles\" data-id=\"663\" class=\"wp-image-663\" src=\"https:\/\/2024.wwii-refugees.ee\/wp-content\/uploads\/2024\/08\/9eec32d11be92c476240b022cb2a9f25940ed490.jpg\" alt=\"\" srcset=\"https:\/\/2024.wwii-refugees.ee\/wp-content\/uploads\/2024\/08\/9eec32d11be92c476240b022cb2a9f25940ed490.jpg 1280w, https:\/\/2024.wwii-refugees.ee\/wp-content\/uploads\/2024\/08\/9eec32d11be92c476240b022cb2a9f25940ed490-225x300.jpg 225w, https:\/\/2024.wwii-refugees.ee\/wp-content\/uploads\/2024\/08\/9eec32d11be92c476240b022cb2a9f25940ed490-768x1024.jpg 768w, https:\/\/2024.wwii-refugees.ee\/wp-content\/uploads\/2024\/08\/9eec32d11be92c476240b022cb2a9f25940ed490-1152x1536.jpg 1152w\" sizes=\"(max-width: 1280px) 100vw, 1280px\" \/><button\n\t\t\tclass=\"lightbox-trigger\"\n\t\t\ttype=\"button\"\n\t\t\taria-haspopup=\"dialog\"\n\t\t\taria-label=\"Enlarge\"\n\t\t\tdata-wp-init=\"callbacks.initTriggerButton\"\n\t\t\tdata-wp-on--click=\"actions.showLightbox\"\n\t\t\tdata-wp-style--right=\"state.imageButtonRight\"\n\t\t\tdata-wp-style--top=\"state.imageButtonTop\"\n\t\t>\n\t\t\t<svg xmlns=\"http:\/\/www.w3.org\/2000\/svg\" width=\"12\" height=\"12\" fill=\"none\" viewBox=\"0 0 12 12\">\n\t\t\t\t<path fill=\"#fff\" d=\"M2 0a2 2 0 0 0-2 2v2h1.5V2a.5.5 0 0 1 .5-.5h2V0H2Zm2 10.5H2a.5.5 0 0 1-.5-.5V8H0v2a2 2 0 0 0 2 2h2v-1.5ZM8 12v-1.5h2a.5.5 0 0 0 .5-.5V8H12v2a2 2 0 0 1-2 2H8Zm2-12a2 2 0 0 1 2 2v2h-1.5V2a.5.5 0 0 0-.5-.5H8V0h2Z\" \/>\n\t\t\t<\/svg>\n\t\t<\/button><\/figure>\n\n\n\n<figure data-wp-context=\"{&quot;imageId&quot;:&quot;69f72416417c4&quot;}\" data-wp-interactive=\"core\/image\" data-wp-key=\"69f72416417c4\" class=\"wp-block-image size-large wp-lightbox-container\"><img loading=\"lazy\" decoding=\"async\" width=\"1280\" height=\"1707\" data-wp-class--hide=\"state.isContentHidden\" data-wp-class--show=\"state.isContentVisible\" data-wp-init=\"callbacks.setButtonStyles\" data-wp-on--click=\"actions.showLightbox\" data-wp-on--load=\"callbacks.setButtonStyles\" data-wp-on-window--resize=\"callbacks.setButtonStyles\" data-id=\"664\" class=\"wp-image-664\" src=\"https:\/\/2024.wwii-refugees.ee\/wp-content\/uploads\/2024\/08\/f3bfe8aca2920608b7b5f5234e78a2f06b4b19ac.jpg\" alt=\"\" srcset=\"https:\/\/2024.wwii-refugees.ee\/wp-content\/uploads\/2024\/08\/f3bfe8aca2920608b7b5f5234e78a2f06b4b19ac.jpg 1280w, https:\/\/2024.wwii-refugees.ee\/wp-content\/uploads\/2024\/08\/f3bfe8aca2920608b7b5f5234e78a2f06b4b19ac-225x300.jpg 225w, https:\/\/2024.wwii-refugees.ee\/wp-content\/uploads\/2024\/08\/f3bfe8aca2920608b7b5f5234e78a2f06b4b19ac-768x1024.jpg 768w, https:\/\/2024.wwii-refugees.ee\/wp-content\/uploads\/2024\/08\/f3bfe8aca2920608b7b5f5234e78a2f06b4b19ac-1152x1536.jpg 1152w\" sizes=\"(max-width: 1280px) 100vw, 1280px\" \/><button\n\t\t\tclass=\"lightbox-trigger\"\n\t\t\ttype=\"button\"\n\t\t\taria-haspopup=\"dialog\"\n\t\t\taria-label=\"Enlarge\"\n\t\t\tdata-wp-init=\"callbacks.initTriggerButton\"\n\t\t\tdata-wp-on--click=\"actions.showLightbox\"\n\t\t\tdata-wp-style--right=\"state.imageButtonRight\"\n\t\t\tdata-wp-style--top=\"state.imageButtonTop\"\n\t\t>\n\t\t\t<svg xmlns=\"http:\/\/www.w3.org\/2000\/svg\" width=\"12\" height=\"12\" fill=\"none\" viewBox=\"0 0 12 12\">\n\t\t\t\t<path fill=\"#fff\" d=\"M2 0a2 2 0 0 0-2 2v2h1.5V2a.5.5 0 0 1 .5-.5h2V0H2Zm2 10.5H2a.5.5 0 0 1-.5-.5V8H0v2a2 2 0 0 0 2 2h2v-1.5ZM8 12v-1.5h2a.5.5 0 0 0 .5-.5V8H12v2a2 2 0 0 1-2 2H8Zm2-12a2 2 0 0 1 2 2v2h-1.5V2a.5.5 0 0 0-.5-.5H8V0h2Z\" \/>\n\t\t\t<\/svg>\n\t\t<\/button><\/figure>\n\n\n\n<figure data-wp-context=\"{&quot;imageId&quot;:&quot;69f724164199d&quot;}\" data-wp-interactive=\"core\/image\" data-wp-key=\"69f724164199d\" class=\"wp-block-image size-large wp-lightbox-container\"><img loading=\"lazy\" decoding=\"async\" width=\"1280\" height=\"1707\" data-wp-class--hide=\"state.isContentHidden\" data-wp-class--show=\"state.isContentVisible\" data-wp-init=\"callbacks.setButtonStyles\" data-wp-on--click=\"actions.showLightbox\" data-wp-on--load=\"callbacks.setButtonStyles\" data-wp-on-window--resize=\"callbacks.setButtonStyles\" data-id=\"665\" class=\"wp-image-665\" src=\"https:\/\/2024.wwii-refugees.ee\/wp-content\/uploads\/2024\/08\/296dce805d4da96a74a97e61e0c6768608f2be50.jpg\" alt=\"\" srcset=\"https:\/\/2024.wwii-refugees.ee\/wp-content\/uploads\/2024\/08\/296dce805d4da96a74a97e61e0c6768608f2be50.jpg 1280w, https:\/\/2024.wwii-refugees.ee\/wp-content\/uploads\/2024\/08\/296dce805d4da96a74a97e61e0c6768608f2be50-225x300.jpg 225w, https:\/\/2024.wwii-refugees.ee\/wp-content\/uploads\/2024\/08\/296dce805d4da96a74a97e61e0c6768608f2be50-768x1024.jpg 768w, https:\/\/2024.wwii-refugees.ee\/wp-content\/uploads\/2024\/08\/296dce805d4da96a74a97e61e0c6768608f2be50-1152x1536.jpg 1152w\" sizes=\"(max-width: 1280px) 100vw, 1280px\" \/><button\n\t\t\tclass=\"lightbox-trigger\"\n\t\t\ttype=\"button\"\n\t\t\taria-haspopup=\"dialog\"\n\t\t\taria-label=\"Enlarge\"\n\t\t\tdata-wp-init=\"callbacks.initTriggerButton\"\n\t\t\tdata-wp-on--click=\"actions.showLightbox\"\n\t\t\tdata-wp-style--right=\"state.imageButtonRight\"\n\t\t\tdata-wp-style--top=\"state.imageButtonTop\"\n\t\t>\n\t\t\t<svg xmlns=\"http:\/\/www.w3.org\/2000\/svg\" width=\"12\" height=\"12\" fill=\"none\" viewBox=\"0 0 12 12\">\n\t\t\t\t<path fill=\"#fff\" d=\"M2 0a2 2 0 0 0-2 2v2h1.5V2a.5.5 0 0 1 .5-.5h2V0H2Zm2 10.5H2a.5.5 0 0 1-.5-.5V8H0v2a2 2 0 0 0 2 2h2v-1.5ZM8 12v-1.5h2a.5.5 0 0 0 .5-.5V8H12v2a2 2 0 0 1-2 2H8Zm2-12a2 2 0 0 1 2 2v2h-1.5V2a.5.5 0 0 0-.5-.5H8V0h2Z\" \/>\n\t\t\t<\/svg>\n\t\t<\/button><\/figure>\n<\/figure>\n<\/div>\n\n<div class=\"wp-block-group alignfull has-background-background-color has-background has-global-padding is-layout-constrained wp-container-core-group-is-layout-fb85e995 wp-block-group-is-layout-constrained\" style=\"margin-top:0;margin-bottom:0;padding-top:var(--wp--preset--spacing--60);padding-right:var(--wp--preset--spacing--30);padding-bottom:var(--wp--preset--spacing--60);padding-left:var(--wp--preset--spacing--30)\">\n<p class=\"has-text-align-center has-large-font-size\" style=\"font-style:normal;font-weight:500;line-height:1.3\">Ajaloo T\u00e4hetorn on ainulaadne muuseum Tartus, mis tutvustab ja uurib p\u00f5nevalt Eesti ajalugu.<\/p>\n\n\n\n<figure class=\"wp-block-image aligncenter is-style-rounded\"><img loading=\"lazy\" decoding=\"async\" width=\"64\" height=\"64\" class=\"wp-image-666\" src=\"https:\/\/2024.wwii-refugees.ee\/wp-content\/uploads\/2024\/08\/a568e7bb7f1d972ac950811cec5ebd95bd87a687.jpg\" alt=\"\" \/><\/figure>\n\n\n\n<h4 class=\"wp-block-heading has-text-align-center\" style=\"margin-top:18px;font-size:clamp(14px, 0.875rem + ((1vw - 3.2px) * 0.417), 18px);\">Kadi<\/h4>\n\n\n\n<p class=\"has-text-align-center has-small-font-size\" style=\"margin-top:4px\">\u00d5petaja<\/p>\n<\/div>\n\n<div class=\"wp-block-group alignfull has-background-background-color has-background has-global-padding is-layout-constrained wp-container-core-group-is-layout-7276a2bb wp-block-group-is-layout-constrained\" style=\"margin-top:0;margin-bottom:0;padding-top:var(--wp--preset--spacing--60);padding-right:var(--wp--preset--spacing--30);padding-bottom:var(--wp--preset--spacing--60);padding-left:var(--wp--preset--spacing--30)\">\n<div class=\"wp-block-columns alignwide is-layout-flex wp-container-core-columns-is-layout-fa584acd wp-block-columns-is-layout-flex\">\n<div class=\"wp-block-column is-layout-flow wp-block-column-is-layout-flow\" style=\"flex-basis:50%\">\n<h3 class=\"wp-block-heading\">Tule avasta meie p\u00f5nevad n\u00e4itused ja sukeldu Eesti ajaloo s\u00fcgavustesse!<\/h3>\n\n\n\n<p><strong>Kesk t\u00e4nav 123<\/strong><\/p>\n\n\n\n<p style=\"margin-top:0;margin-bottom:12px\"><strong>Tartu, Eesti<\/strong><\/p>\n\n\n\n<p class=\"has-small-font-size\" style=\"margin-top:8px\">+372 1234 5678<\/p>\n\n\n\n<p class=\"has-small-font-size\" style=\"margin-top:8px\">hi@example.com<\/p>\n<\/div>\n\n\n\n<div class=\"wp-block-column is-layout-flow wp-block-column-is-layout-flow\" style=\"flex-basis:50%\">\n<div style=\"position: relative;overflow: hidden;padding-top: 75%\">\n  \n<\/div>\n<\/div>\n<\/div>\n<\/div>\n","protected":false},"excerpt":{"rendered":"<p>Ajaloo T\u00e4hetorn on ainulaadne muuseum Tartus, mis tutvustab ja uurib p\u00f5nevalt Eesti ajalugu. Kadi \u00d5petaja Tule avasta meie p\u00f5nevad n\u00e4itused ja sukeldu Eesti ajaloo s\u00fcgavustesse! Kesk t\u00e4nav 123 Tartu, Eesti +372 1234 5678 hi@example.com<\/p>\n","protected":false},"author":1,"featured_media":0,"parent":0,"menu_order":0,"comment_status":"closed","ping_status":"closed","template":"no-title","meta":{"_monsterinsights_skip_tracking":false,"_monsterinsights_sitenote_active":false,"_monsterinsights_sitenote_note":"","_monsterinsights_sitenote_category":0,"footnotes":""},"class_list":["post-10","page","type-page","status-publish","hentry"],"aioseo_notices":[],"_links":{"self":[{"href":"https:\/\/2024.wwii-refugees.ee\/en\/wp-json\/wp\/v2\/pages\/10","targetHints":{"allow":["GET"]}}],"collection":[{"href":"https:\/\/2024.wwii-refugees.ee\/en\/wp-json\/wp\/v2\/pages"}],"about":[{"href":"https:\/\/2024.wwii-refugees.ee\/en\/wp-json\/wp\/v2\/types\/page"}],"author":[{"embeddable":true,"href":"https:\/\/2024.wwii-refugees.ee\/en\/wp-json\/wp\/v2\/users\/1"}],"replies":[{"embeddable":true,"href":"https:\/\/2024.wwii-refugees.ee\/en\/wp-json\/wp\/v2\/comments?post=10"}],"version-history":[{"count":1,"href":"https:\/\/2024.wwii-refugees.ee\/en\/wp-json\/wp\/v2\/pages\/10\/revisions"}],"predecessor-version":[{"id":667,"href":"https:\/\/2024.wwii-refugees.ee\/en\/wp-json\/wp\/v2\/pages\/10\/revisions\/667"}],"wp:attachment":[{"href":"https:\/\/2024.wwii-refugees.ee\/en\/wp-json\/wp\/v2\/media?parent=10"}],"curies":[{"name":"wp","href":"https:\/\/api.w.org\/{rel}","templated":true}]}}