{"id":12,"date":"2024-03-27T18:29:22","date_gmt":"2024-03-27T18:29:22","guid":{"rendered":"https:\/\/2024.wwii-refugees.ee\/soovitused\/"},"modified":"2024-08-16T03:28:55","modified_gmt":"2024-08-16T03:28:55","slug":"soovitused","status":"publish","type":"page","link":"https:\/\/2024.wwii-refugees.ee\/en\/soovitused\/","title":{"rendered":"Soovitused"},"content":{"rendered":"\n<div class=\"wp-block-group alignfull has-background-background-color has-background has-global-padding is-layout-constrained wp-container-core-group-is-layout-33b721a0 wp-block-group-is-layout-constrained\" style=\"margin-top:0;margin-bottom:0;padding-top:0;padding-right:0;padding-left:0\">\n<div class=\"wp-block-cover alignfull\" style=\"padding-top:0;padding-right:var(--wp--preset--spacing--30);padding-bottom:0;padding-left:var(--wp--preset--spacing--30);min-height:50px;aspect-ratio:unset;\"><span aria-hidden=\"true\" class=\"wp-block-cover__background has-black-background-color has-background-dim-60 has-background-dim\"><\/span><img fetchpriority=\"high\" decoding=\"async\" width=\"1280\" height=\"853\" class=\"wp-block-cover__image-background wp-image-660\" alt=\"\" src=\"https:\/\/2024.wwii-refugees.ee\/wp-content\/uploads\/2024\/08\/996bc687998e2daa60de9192c5ad7ea2dd9a1ebc.jpg\" data-object-fit=\"cover\" srcset=\"https:\/\/2024.wwii-refugees.ee\/wp-content\/uploads\/2024\/08\/996bc687998e2daa60de9192c5ad7ea2dd9a1ebc.jpg 1280w, https:\/\/2024.wwii-refugees.ee\/wp-content\/uploads\/2024\/08\/996bc687998e2daa60de9192c5ad7ea2dd9a1ebc-300x200.jpg 300w, https:\/\/2024.wwii-refugees.ee\/wp-content\/uploads\/2024\/08\/996bc687998e2daa60de9192c5ad7ea2dd9a1ebc-1024x682.jpg 1024w, https:\/\/2024.wwii-refugees.ee\/wp-content\/uploads\/2024\/08\/996bc687998e2daa60de9192c5ad7ea2dd9a1ebc-768x512.jpg 768w\" sizes=\"(max-width: 1280px) 100vw, 1280px\" \/><div class=\"wp-block-cover__inner-container is-layout-flow wp-block-cover-is-layout-flow\">\n<div class=\"wp-block-group has-global-padding is-layout-constrained wp-block-group-is-layout-constrained\" style=\"padding-top:var(--wp--preset--spacing--60);padding-bottom:var(--wp--preset--spacing--60)\">\n<div class=\"wp-block-group alignwide has-global-padding is-content-justification-center is-layout-constrained wp-block-group-is-layout-constrained\">\n<h1 class=\"wp-block-heading has-text-align-center has-text-color has-x-large-font-size\" style=\"color:#fffffffc\">Mida meie k\u00fclastajad \u00fctlevad<\/h1>\n\n\n\n<p class=\"has-text-align-center has-text-color\" style=\"color:#fffffffc;margin-top:16px\">K\u00fclastajate muljed ja arvustused meie ainulaadsest muuseumist &#8220;Ajaloo T\u00e4hetorn&#8221; Tartus.<\/p>\n<\/div>\n<\/div>\n<\/div><\/div>\n<\/div>\n\n<div class=\"wp-block-group alignfull has-background-background-color has-background has-global-padding is-layout-constrained wp-container-core-group-is-layout-fb85e995 wp-block-group-is-layout-constrained\" style=\"margin-top:0;margin-bottom:0;padding-top:var(--wp--preset--spacing--60);padding-right:var(--wp--preset--spacing--30);padding-bottom:var(--wp--preset--spacing--60);padding-left:var(--wp--preset--spacing--30)\">\n<p class=\"has-text-align-center has-large-font-size\" style=\"font-style:normal;font-weight:500;line-height:1.3\">Ajaloo T\u00e4hetorn on ainulaadne muuseum Tartus, mis tutvustab ja uurib p\u00f5nevalt Eesti ajalugu.<\/p>\n\n\n\n<figure class=\"wp-block-image aligncenter is-style-rounded\"><img decoding=\"async\" width=\"64\" height=\"64\" class=\"wp-image-666\" src=\"https:\/\/2024.wwii-refugees.ee\/wp-content\/uploads\/2024\/08\/a568e7bb7f1d972ac950811cec5ebd95bd87a687.jpg\" alt=\"\" \/><\/figure>\n\n\n\n<h4 class=\"wp-block-heading has-text-align-center\" style=\"margin-top:18px;font-size:clamp(14px, 0.875rem + ((1vw - 3.2px) * 0.417), 18px);\">Kadi<\/h4>\n\n\n\n<p class=\"has-text-align-center has-small-font-size\" style=\"margin-top:4px\">\u00d5petaja<\/p>\n<\/div>\n\n<div class=\"wp-block-group alignfull has-background-background-color has-background has-global-padding is-layout-constrained wp-container-core-group-is-layout-7276a2bb wp-block-group-is-layout-constrained\" style=\"margin-top:0;margin-bottom:0;padding-top:var(--wp--preset--spacing--60);padding-right:var(--wp--preset--spacing--30);padding-bottom:var(--wp--preset--spacing--60);padding-left:var(--wp--preset--spacing--30)\">\n<div class=\"wp-block-group alignwide has-global-padding is-content-justification-left is-layout-constrained wp-container-core-group-is-layout-8b4c372c wp-block-group-is-layout-constrained\">\n<h3 class=\"wp-block-heading\">N\u00e4ituste ja t\u00f6\u00f6tubade valik<\/h3>\n\n\n\n<p style=\"margin-top:16px\">Ajaloo T\u00e4hetorn &#8211; unikaalne muuseum Tartus. Tutvusta Eesti ajalugu p\u00f5nevate n\u00e4ituste, t\u00f6\u00f6tubade ja loengutega. Ajalugu ja teadus kohtuvad siin!<\/p>\n<\/div>\n\n\n\n<div class=\"wp-block-columns alignwide is-layout-flex wp-container-core-columns-is-layout-5b525043 wp-block-columns-is-layout-flex\">\n<div class=\"wp-block-column is-layout-flow wp-block-column-is-layout-flow\">\n<figure class=\"wp-block-image ext-aspect-landscape\"><img decoding=\"async\" width=\"1280\" height=\"960\" class=\"wp-image-672\" src=\"https:\/\/2024.wwii-refugees.ee\/wp-content\/uploads\/2024\/08\/6571a43cd61b638b7761313d8b9373d6f1adae3c.jpg\" alt=\"\" srcset=\"https:\/\/2024.wwii-refugees.ee\/wp-content\/uploads\/2024\/08\/6571a43cd61b638b7761313d8b9373d6f1adae3c.jpg 1280w, https:\/\/2024.wwii-refugees.ee\/wp-content\/uploads\/2024\/08\/6571a43cd61b638b7761313d8b9373d6f1adae3c-300x225.jpg 300w, https:\/\/2024.wwii-refugees.ee\/wp-content\/uploads\/2024\/08\/6571a43cd61b638b7761313d8b9373d6f1adae3c-1024x768.jpg 1024w, https:\/\/2024.wwii-refugees.ee\/wp-content\/uploads\/2024\/08\/6571a43cd61b638b7761313d8b9373d6f1adae3c-768x576.jpg 768w\" sizes=\"(max-width: 1280px) 100vw, 1280px\" \/><\/figure>\n\n\n\n<h3 class=\"wp-block-heading\" style=\"margin-top:24px;font-size:clamp(14px, 0.875rem + ((1vw - 3.2px) * 0.625), 20px);line-height:1.5\">N\u00e4itused<\/h3>\n\n\n\n<p class=\"has-small-font-size\" style=\"margin-top:8px\">Ajaloo T\u00e4hetorn &#8211; avasta Eesti ajalugu p\u00f5nevate n\u00e4ituste, harivate t\u00f6\u00f6tubade ja inspireerivate loengute kaudu!<\/p>\n<\/div>\n\n\n\n<div class=\"wp-block-column is-layout-flow wp-block-column-is-layout-flow\">\n<figure class=\"wp-block-image ext-aspect-landscape\"><img loading=\"lazy\" decoding=\"async\" width=\"1280\" height=\"960\" class=\"wp-image-673\" src=\"https:\/\/2024.wwii-refugees.ee\/wp-content\/uploads\/2024\/08\/05ebf74ed0b30b71314932a99b858a90507f0f2d.jpg\" alt=\"\" srcset=\"https:\/\/2024.wwii-refugees.ee\/wp-content\/uploads\/2024\/08\/05ebf74ed0b30b71314932a99b858a90507f0f2d.jpg 1280w, https:\/\/2024.wwii-refugees.ee\/wp-content\/uploads\/2024\/08\/05ebf74ed0b30b71314932a99b858a90507f0f2d-300x225.jpg 300w, https:\/\/2024.wwii-refugees.ee\/wp-content\/uploads\/2024\/08\/05ebf74ed0b30b71314932a99b858a90507f0f2d-1024x768.jpg 1024w, https:\/\/2024.wwii-refugees.ee\/wp-content\/uploads\/2024\/08\/05ebf74ed0b30b71314932a99b858a90507f0f2d-768x576.jpg 768w\" sizes=\"(max-width: 1280px) 100vw, 1280px\" \/><\/figure>\n\n\n\n<h3 class=\"wp-block-heading\" style=\"margin-top:24px;font-size:clamp(14px, 0.875rem + ((1vw - 3.2px) * 0.625), 20px);line-height:1.5\">T\u00f6\u00f6toad<\/h3>\n\n\n\n<p class=\"has-small-font-size\" style=\"margin-top:8px\">Ajaloo T\u00e4hetorn &#8211; Eesti ajalugu l\u00e4bi t\u00f6\u00f6tubade ja n\u00e4ituste. Inspireerivad loengud ja teaduslikud avastused.<\/p>\n<\/div>\n\n\n\n<div class=\"wp-block-column is-layout-flow wp-block-column-is-layout-flow\">\n<figure class=\"wp-block-image ext-aspect-landscape\"><img loading=\"lazy\" decoding=\"async\" width=\"1280\" height=\"960\" class=\"wp-image-674\" src=\"https:\/\/2024.wwii-refugees.ee\/wp-content\/uploads\/2024\/08\/f684dfcec496e29ae99b4de6719794b84d6b7e3b.jpg\" alt=\"\" srcset=\"https:\/\/2024.wwii-refugees.ee\/wp-content\/uploads\/2024\/08\/f684dfcec496e29ae99b4de6719794b84d6b7e3b.jpg 1280w, https:\/\/2024.wwii-refugees.ee\/wp-content\/uploads\/2024\/08\/f684dfcec496e29ae99b4de6719794b84d6b7e3b-300x225.jpg 300w, https:\/\/2024.wwii-refugees.ee\/wp-content\/uploads\/2024\/08\/f684dfcec496e29ae99b4de6719794b84d6b7e3b-1024x768.jpg 1024w, https:\/\/2024.wwii-refugees.ee\/wp-content\/uploads\/2024\/08\/f684dfcec496e29ae99b4de6719794b84d6b7e3b-768x576.jpg 768w\" sizes=\"(max-width: 1280px) 100vw, 1280px\" \/><\/figure>\n\n\n\n<h3 class=\"wp-block-heading\" style=\"margin-top:24px;font-size:clamp(14px, 0.875rem + ((1vw - 3.2px) * 0.625), 20px);line-height:1.5\">Loengud<\/h3>\n\n\n\n<p class=\"has-small-font-size\" style=\"margin-top:8px\">Ajaloo T\u00e4hetorn on ainulaadne muuseum Tartus, kus tutvustatakse Eesti ajalugu p\u00f5nevate n\u00e4ituste, harivate t\u00f6\u00f6tubade ja inspireerivate loengutega.<\/p>\n<\/div>\n<\/div>\n<\/div>\n\n<div class=\"wp-block-group alignfull has-background-background-color has-background has-global-padding is-layout-constrained wp-container-core-group-is-layout-7276a2bb wp-block-group-is-layout-constrained\" style=\"margin-top:0;margin-bottom:0;padding-top:var(--wp--preset--spacing--60);padding-right:var(--wp--preset--spacing--30);padding-bottom:var(--wp--preset--spacing--60);padding-left:var(--wp--preset--spacing--30)\">\n<div class=\"wp-block-group has-global-padding is-layout-constrained wp-block-group-is-layout-constrained\">\n<h3 class=\"wp-block-heading has-text-align-center\" style=\"margin-top:12px\">Tule avastama p\u00f5nevat Eesti ajalugu meie unikaalses Tartu muuseumis!<\/h3>\n\n\n\n<p class=\"has-text-align-center\" style=\"margin-top:16px\">Ajaloo T\u00e4hetorn on ainulaadne muuseum, mis asub Tartus, Eesti s\u00fcdames. Meie kirg on tutvustada ja uurida Eesti ajalugu, pakkudes k\u00fclastajatele p\u00f5nevaid n\u00e4itusi, harivaid t\u00f6\u00f6tubasid ja inspireerivaid loenguid. Meie muuseum on koht, kus minevik ja teadus kohtuvad, tuues mineviku s\u00fcndmused t\u00e4nap\u00e4eva inimeste silme ette. Tule avasta meie p\u00f5nevad n\u00e4itused ning sukeldu Eesti ajaloo s\u00fcgavustesse. Ootame Sind k\u00fclla!<\/p>\n\n\n\n<div class=\"wp-block-buttons is-content-justification-center is-layout-flex wp-container-core-buttons-is-layout-720bcce9 wp-block-buttons-is-layout-flex\">\n<div class=\"wp-block-button is-style-outline is-style-outline--1\"><a class=\"wp-block-button__link wp-element-button\">Lisateave<\/a><\/div>\n\n\n\n<div class=\"wp-block-button\"><a class=\"wp-block-button__link wp-element-button\">Tule k\u00fclasta meid<\/a><\/div>\n<\/div>\n<\/div>\n\n\n\n<figure class=\"wp-block-image alignwide\"><img loading=\"lazy\" decoding=\"async\" width=\"1280\" height=\"420\" class=\"wp-image-675\" src=\"https:\/\/2024.wwii-refugees.ee\/wp-content\/uploads\/2024\/08\/d2994cc23caf8c0376284f6bcefcdf4f0668688d.jpg\" alt=\"\" srcset=\"https:\/\/2024.wwii-refugees.ee\/wp-content\/uploads\/2024\/08\/d2994cc23caf8c0376284f6bcefcdf4f0668688d.jpg 1280w, https:\/\/2024.wwii-refugees.ee\/wp-content\/uploads\/2024\/08\/d2994cc23caf8c0376284f6bcefcdf4f0668688d-300x98.jpg 300w, https:\/\/2024.wwii-refugees.ee\/wp-content\/uploads\/2024\/08\/d2994cc23caf8c0376284f6bcefcdf4f0668688d-1024x336.jpg 1024w, https:\/\/2024.wwii-refugees.ee\/wp-content\/uploads\/2024\/08\/d2994cc23caf8c0376284f6bcefcdf4f0668688d-768x252.jpg 768w\" sizes=\"(max-width: 1280px) 100vw, 1280px\" \/><\/figure>\n<\/div>\n","protected":false},"excerpt":{"rendered":"<p>Ajaloo T\u00e4hetorn on ainulaadne muuseum Tartus, mis tutvustab ja uurib p\u00f5nevalt Eesti ajalugu. Kadi \u00d5petaja N\u00e4ituste ja t\u00f6\u00f6tubade valik Ajaloo T\u00e4hetorn &#8211; unikaalne muuseum Tartus. Tutvusta Eesti ajalugu p\u00f5nevate n\u00e4ituste, t\u00f6\u00f6tubade ja loengutega. Ajalugu ja teadus kohtuvad siin! N\u00e4itused Ajaloo T\u00e4hetorn &#8211; avasta Eesti ajalugu p\u00f5nevate n\u00e4ituste, harivate t\u00f6\u00f6tubade ja inspireerivate loengute kaudu! T\u00f6\u00f6toad Ajaloo [&hellip;]<\/p>\n","protected":false},"author":1,"featured_media":0,"parent":0,"menu_order":0,"comment_status":"closed","ping_status":"closed","template":"no-title","meta":{"_monsterinsights_skip_tracking":false,"_monsterinsights_sitenote_active":false,"_monsterinsights_sitenote_note":"","_monsterinsights_sitenote_category":0,"footnotes":""},"class_list":["post-12","page","type-page","status-publish","hentry"],"aioseo_notices":[],"_links":{"self":[{"href":"https:\/\/2024.wwii-refugees.ee\/en\/wp-json\/wp\/v2\/pages\/12","targetHints":{"allow":["GET"]}}],"collection":[{"href":"https:\/\/2024.wwii-refugees.ee\/en\/wp-json\/wp\/v2\/pages"}],"about":[{"href":"https:\/\/2024.wwii-refugees.ee\/en\/wp-json\/wp\/v2\/types\/page"}],"author":[{"embeddable":true,"href":"https:\/\/2024.wwii-refugees.ee\/en\/wp-json\/wp\/v2\/users\/1"}],"replies":[{"embeddable":true,"href":"https:\/\/2024.wwii-refugees.ee\/en\/wp-json\/wp\/v2\/comments?post=12"}],"version-history":[{"count":1,"href":"https:\/\/2024.wwii-refugees.ee\/en\/wp-json\/wp\/v2\/pages\/12\/revisions"}],"predecessor-version":[{"id":676,"href":"https:\/\/2024.wwii-refugees.ee\/en\/wp-json\/wp\/v2\/pages\/12\/revisions\/676"}],"wp:attachment":[{"href":"https:\/\/2024.wwii-refugees.ee\/en\/wp-json\/wp\/v2\/media?parent=12"}],"curies":[{"name":"wp","href":"https:\/\/api.w.org\/{rel}","templated":true}]}}