{"id":463,"date":"2024-07-03T09:36:55","date_gmt":"2024-07-03T09:36:55","guid":{"rendered":"https:\/\/2024.wwii-refugees.ee\/?page_id=463"},"modified":"2024-07-03T10:01:43","modified_gmt":"2024-07-03T10:01:43","slug":"80-aastat-tagasi-1944-aasta-mais-algas-eesti-poiste-varbamine-lennuvae-abiteenistusse","status":"publish","type":"page","link":"https:\/\/2024.wwii-refugees.ee\/en\/80-aastat-tagasi-1944-aasta-mais-algas-eesti-poiste-varbamine-lennuvae-abiteenistusse\/","title":{"rendered":"80 aastat tagasi> 1944. aasta mais algas eesti poiste v\u00e4rbamine lennuv\u00e4e abiteenistusse"},"content":{"rendered":"\n<h1 class=\"wp-block-heading\">80 aastat tagasi> 1944. aasta mais algas eesti poiste v\u00e4rbamine lennuv\u00e4e abiteenistusse<\/h1>\n\n\n\n<p><em>Peeter Kaasik, PhD, Eesti M\u00e4lu Instituudi vanemteadur<\/em><br><em>29.05.2024<\/em><\/p>\n\n\n\n<p><\/p>\n\n\n\n<figure class=\"wp-block-image size-large\"><img fetchpriority=\"high\" decoding=\"async\" width=\"1024\" height=\"754\" src=\"https:\/\/2024.wwii-refugees.ee\/wp-content\/uploads\/2024\/07\/Screenshot-2024-07-03-at-12.37.17-1024x754.png\" alt=\"\" class=\"wp-image-465\" srcset=\"https:\/\/2024.wwii-refugees.ee\/wp-content\/uploads\/2024\/07\/Screenshot-2024-07-03-at-12.37.17-1024x754.png 1024w, https:\/\/2024.wwii-refugees.ee\/wp-content\/uploads\/2024\/07\/Screenshot-2024-07-03-at-12.37.17-300x221.png 300w, https:\/\/2024.wwii-refugees.ee\/wp-content\/uploads\/2024\/07\/Screenshot-2024-07-03-at-12.37.17-768x566.png 768w, https:\/\/2024.wwii-refugees.ee\/wp-content\/uploads\/2024\/07\/Screenshot-2024-07-03-at-12.37.17-1536x1131.png 1536w, https:\/\/2024.wwii-refugees.ee\/wp-content\/uploads\/2024\/07\/Screenshot-2024-07-03-at-12.37.17.png 1890w\" sizes=\"(max-width: 1024px) 100vw, 1024px\" \/><figcaption class=\"wp-element-caption\">Eesti lennuv\u00e4e abiteenistusse astujad vandet\u00f5otust andmas. Kaader filmist, Saksa kinokroonika filmoteek, K-2692.&nbsp;Foto:&nbsp;Rahvusarhiiv<br><\/figcaption><\/figure>\n\n\n\n<p>Et vabastada s\u00f5jav\u00e4ekohuslasi tagalateenistusest andis Adolf Hitler 20. septembril 1942 k\u00e4su alustada noorte v\u00e4rbamist lennuv\u00e4e abiteenistusse. Meeskonnad v\u00e4rvati Saksamaal kesk- ja t\u00f6\u00f6stuskoolidest ning paigutati kodulinnas \u00f5hut\u00f5rjepatareidesse. Esialgu olid abiteenistus vabatahtlik, kuid sundv\u00e4rbamine algas juba 15. veebruaril 1943 ning teenistus pidi h\u00f5lmama aastak\u00e4ike 1926 ja 1927. T\u00fctarlastele seda kohustuslikuks ei tehtud, k\u00fcll v\u00f5isid nad alates 17. eluaastast asuda abiteenistusse vabatahtlikult ja nende rakendamine pidi toimuma eelk\u00f5ige sideteenistuses.<\/p>\n\n\n\n<p>Nagu mitmed muudki algselt riigisakslastele m\u00f5eldud aktsioonid laienes ka lennuv\u00e4e abiteenistus hiljem okupeeritud aladele. 31. m\u00e4rtsil 1944 s\u00f5lmiti Saksamaa ida-alade riigiministri Alfred Rosenbergi, SS-riigif\u00fc\u00fcrer Heinrich Himmleri, \u00f5huj\u00f5udude \u00fclemjuhataja Hermann G\u00f6ringi ja Saksa Riigi noortejuhi Artur Axmanni vahel kokkulepe, mille kohaselt tuli eesti, l\u00e4ti, leedu, vene, ukraina, valgevene ja tatari noorukitele vanuses 15\u201320 leida rakendus s\u00f5jalises abiteenistuses (samasugune n-\u00f6 kokkulepe naissoost personali v\u00e4rbamiseks s\u00f5lmiti sama aasta suvel).<\/p>\n\n\n\n<p>Vabatahtlikud tuli koondada \u00f5ppelaagrisse ning p\u00e4rast kolme n\u00e4dalat kestnud ettevalmistust kuulusid nad \u00fcleviimisele s\u00f5jalisse abiteenistusse. Selle v\u00e4rbamisaktsiooni l\u00e4bi viimiseks moodustati <em>Hauptbannf\u00fchrer<\/em> Siegfried Nickeli juhtimisel vastav b\u00fcroo, mille \u00fcldjuhtimisel alustati v\u00e4rbamiskampaaniatega (\u201e<em>Wo bleibst du<\/em>\u201d; \u201e<em>Wir fordern Dich auf, mitzumachen<\/em>\u201d, t\u00f5lkes \u201eKuhu sa j\u00e4\u00e4nud oled\u201c; \u201eKutsume sind kaasa l\u00f6\u00f6ma\u201c).<\/p>\n\n\n\n<p>Okupatsiooniv\u00f5imud j\u00e4tsid endale v\u00f5rdlemisi vabad k\u00e4ed v\u00e4rvatute kasutamisel. Seda k\u00fcll otseselt v\u00e4lja \u00fctlemata, kuulusid v\u00e4rvatud noormehed vanusepiiri \u00fcletamisel \u00fcle andmisele Relva-SS\u2019le (kui eestlased ja l\u00e4tlased v\u00e4lja j\u00e4tta, keda kutsuti <sup>&nbsp;<\/sup>lennuv\u00e4e abiteenistuslasteks, siis mujal oligi v\u00e4rvatute nimetus SS-abiline ehk <em>SS-Helfer<\/em>). Vahepeal v\u00f5is noori v\u00e4rvata ka Riigi T\u00f6\u00f6teenistus (RAD), kuid vastavalt vajadusele sai abiteenistuslasi saata k\u00f5ikidesse v\u00e4eliikidesse ka v\u00e4ljaspool Relva-SSi.<\/p>\n\n\n\n<p><strong>Lennuv\u00e4e abiteenistusse v\u00e4rbamine Eestis<\/strong><\/p>\n\n\n\n<p>Eestis toimetas v\u00e4rbamist organisatsioon Eesti Noored, mille tegevuse aluseks olid endiste skautide ja noorkotkaste organisatsiooni p\u00f5him\u00f5tted, millele lisati m\u00f5ningaid komponente <em>Hitlerjugend<\/em>iorganisatsiooni \u00fchesehitusest ja tegutsemisp\u00f5him\u00f5tetest. Nii leidis Eesti Noorte peastaap k\u00f5ige muu k\u00f5rval ka rakendust organiseerimisstaabina algselt noorte rakendamisel p\u00f5llumajanduslikku abiteenistusse. 1944. aastal laiendati (pool)sunniviisilist v\u00e4rbamist s\u00f5jalisse abiteenistusse ja kevadest ka lennuv\u00e4e abiteenistusse.<\/p>\n\n\n\n<p>Esimene otsene viide tulevastest v\u00e4rbamisest lennuv\u00e4e abiteenistusse p\u00e4rineb 1944. aasta veebruarist, kui oli arutlusel noortejuhtidele kaitseteenistuse pikenduse andmine. Vabatahtlike v\u00e4rbamine lennuv\u00e4e abiteenistusse algas 3. mail, kui Eesti Noorte peastaabi \u00fclem Gustav Kalkun saatis ringkirja noortemalevate juhtidele, milles teatas, et lennuv\u00e4e abiteenistusse on vaja 3000 poissi ja 200 t\u00fcdrukut aastak\u00e4ikudest 1927 ja 1928. Soovituslik oli saksa keele oskus. Noortest pidi moodustatama eri\u00fcksus, kus toimunuks ka v\u00e4lja\u00f5pe. Lennuv\u00e4e abiteenistuse kestvuse l\u00f5ppt\u00e4htajaks arvati 15. november 1944. Koolikohustus s\u00e4ilis ja see pidi vajadusel l\u00e4bi viidama s\u00f5jav\u00e4eosa juures.<\/p>\n\n\n\n<p>Tulevaste alljuhtide v\u00e4rbamine algas juba aprillis, kui soovi avaldanud noori v\u00e4rvati \u201ekaitsetubliduse laagrisse\u201c (<em>WE-Lager<\/em>), mis riigisakslastest noortele oli kohustuslik. Esimene eesti 108st vabatahtlikust koosnev grupp saadeti Ida-Preisimaale Kocheni l\u00e4hedale 20. aprillil 1944. Kokku l\u00e4bis laagri 1944. aasta kevadel\/suvel \u00fcle 300 noore, kes peale v\u00e4lja\u00f5pet toodi Eestisse tagasi ja rakendati alljuhtidena v\u00e4rvatute (hiljem ka mobiliseeritute) v\u00e4lja\u00f5ppel.&nbsp;<\/p>\n\n\n\n<p><strong>\u00dcksustesse saatmine<\/strong><\/p>\n\n\n\n<p>30. juunil 1944 kogunesid eesti rahvusest lennuv\u00e4eabiteenistuse vabatahtlikud Kose laagrisse Tallinna ligidal n-\u00f6 vaba\u00f5hukooli territooriumil. Kokku tuli 680 noort, kes jaotati nelja kompanii vahel. Alljuhtideks (<em>LwH-Ausbilder<\/em>) m\u00e4\u00e4rati WE-laagri l\u00e4binud noored, barakivanemateks keskkooli \u00f5pilased, kes mingil m\u00e4\u00e4ral saksa keelt valdasid ja kompanii\u00fclemateks eestlastest Relva-SSi allohvitserid.<\/p>\n\n\n\n<p>4. juulil algas rivi\u00f5pe ja j\u00e4rgmisel p\u00e4eval jagati v\u00e4lja hallikas-sinised vormir\u00f5ivad. \u00d5lakud olid mustad, siniste servadega, peas suusam\u00fctsi-laadsed peakatted Eesti Noorte m\u00e4rgiga, v\u00f6\u00f6l lennuv\u00e4e nahkrihm.<\/p>\n\n\n\n<p>8. juulil tehti laager t\u00fchjaks. Kompanii\u00fclemad kaasa ei s\u00f5itnud ja uuteks \u00fclemateks m\u00e4\u00e4rati sakslastest lennuv\u00e4elased. 1. kompanii saadeti Tallinna Lasnam\u00e4e lennuv\u00e4ljale; 2. ja 4. kompanii Kivi\u00f5lisse ja 3. kompanii P\u00fcssi asulasse. Virumaale \u00f5lit\u00f6\u00f6stuse kaitsele saadetud abiteenistuslased jagati v\u00e4iksemateks gruppideks ja m\u00e4\u00e4rati 208. tagavara-\u00f5hut\u00f5rjepataljoni patareide juurde.<\/p>\n\n\n\n<p>Abiteenistuslasi v\u00f5is, niipalju kui nad saksa keelest aru said, kasutada teatud piirangutega m\u00f5\u00f5duaparaatidel, tulejuhtimisseadmetel, side- ja signaalteenistuses ning helgiheitjatel ja kahureil kanoniiridena.<\/p>\n\n\n\n<p>Toitlustamine toimus s\u00f5jav\u00e4enormide alusel (v.a tubakas ja alkohol). Riietus anti v\u00e4eosa poolt, koos \u00f5igusega kanda oma noorteorganisatsiooni m\u00e4rki. Abiteenistuslasi ei k\u00e4sitletud kui s\u00f5jav\u00e4elasi. Distsiplinaarselt v\u00f5is lennuv\u00e4eabiliste suhtes, vastavalt \u201enoorsoo karistamise seadusele\u201d rakendada kuni 3-kuulist (noorte)vanglakaristust. Kui see polnud kohaldatav, v\u00f5is kohtunik karistada lennuv\u00e4eabilist distsiplinaarkorras v\u00f5i anda \u00fcle v\u00e4eosa \u00fclemale karistamiseks.<\/p>\n\n\n\n<p><strong>L\u00f5petuseks<\/strong><\/p>\n\n\n\n<p>Oma olemuselt oli noorte v\u00e4rbamine lennuv\u00e4e abiteenistusse, nagu mitmete teistegi aktsioonide puhul, tavaks segu vabatahtlikkusest ning sunnist. Vabatahtlikku v\u00e4rbamist saab vaadelda ka \u00fcleminekuetapina sunniviisilisele teenistusvormile.<\/p>\n\n\n\n<p>Noormeestele, kes olid saanud 17-aastaseks oli nagunii kohustuslik omakaitseteenistus. T\u00f6\u00f6teenistusekohustusest polnud vabad ka noored. Lennuv\u00e4e abiteenistuse vabatahtliku v\u00e4rbamise ajal oli juba alanud kohustuslik p\u00f5llumajanduslik abiteenistus, mis aastatel 1943 ja 1944 h\u00f5lmas kohustuslikus korras k\u00f5iki noori vanuses 14\u201317. Sellega sulandus 1944. aastal kokku noorte s\u00f5jaline abiteenistus, kus s\u00e4ilisid m\u00f5ned vabatahtlikkuse (\u00f5igemini valikuvabaduse) elemendid. 1944. aasta kevadel lisandus veel vabatahtlik lennuv\u00e4e abiteenistus.<\/p>\n\n\n\n<p>Nagu \u00f6eldud, ligi kaks kuud kestnud v\u00e4rbamise tulemuseks oli ca 700 noort. Ilmselt m\u00e4ngis siin rolli ka noorukite seiklushimu, kuid ka soov p\u00e4\u00e4seda p\u00f5llut\u00f6\u00f6st v\u00f5i m\u00f5nest muust vabatahtlik\/sunniviisilisest teenistusvormist, aga ka koolikohustusest. Arvatavasti nii m\u00f5nedki omakaitseteenistuskohuslikud noored \u00fcritasid ennetada tulevast mobiliseerimist, astudes vabatahtlikult lennuv\u00e4e abiteenistusse. Kuid kuna plaaniks seati 3000+200 noore v\u00e4rbamine (t\u00fctarlaste v\u00e4rbamist Eestis ei toimunud), siis Eesti Noorte peastaabi hinnangul oli see l\u00e4bikukkumine ning k\u00e4iku l\u00e4ks see mis oli v\u00f5imalusena kirjas ka esmastes v\u00e4rbamiskorraldustes ehk 3. augustil 1944 andis Eesti Omavalitsuse juht Hjalmar M\u00e4e m\u00e4\u00e4ruse \u201e1927. aastak\u00e4igu lennuv\u00e4e abiteenistusse kutsusmisest\u201c.<\/p>\n","protected":false},"excerpt":{"rendered":"<p>80 aastat tagasi> 1944. aasta mais algas eesti poiste v\u00e4rbamine lennuv\u00e4e abiteenistusse Peeter Kaasik, PhD, Eesti M\u00e4lu Instituudi vanemteadur29.05.2024 Et vabastada s\u00f5jav\u00e4ekohuslasi tagalateenistusest andis Adolf Hitler 20. septembril 1942 k\u00e4su alustada noorte v\u00e4rbamist lennuv\u00e4e abiteenistusse. Meeskonnad v\u00e4rvati Saksamaal kesk- ja t\u00f6\u00f6stuskoolidest ning paigutati kodulinnas \u00f5hut\u00f5rjepatareidesse. Esialgu olid abiteenistus vabatahtlik, kuid sundv\u00e4rbamine algas juba 15. veebruaril [&hellip;]<\/p>\n","protected":false},"author":1,"featured_media":0,"parent":0,"menu_order":0,"comment_status":"closed","ping_status":"closed","template":"","meta":{"_monsterinsights_skip_tracking":false,"_monsterinsights_sitenote_active":false,"_monsterinsights_sitenote_note":"","_monsterinsights_sitenote_category":0,"footnotes":""},"class_list":["post-463","page","type-page","status-publish","hentry"],"aioseo_notices":[],"_links":{"self":[{"href":"https:\/\/2024.wwii-refugees.ee\/en\/wp-json\/wp\/v2\/pages\/463","targetHints":{"allow":["GET"]}}],"collection":[{"href":"https:\/\/2024.wwii-refugees.ee\/en\/wp-json\/wp\/v2\/pages"}],"about":[{"href":"https:\/\/2024.wwii-refugees.ee\/en\/wp-json\/wp\/v2\/types\/page"}],"author":[{"embeddable":true,"href":"https:\/\/2024.wwii-refugees.ee\/en\/wp-json\/wp\/v2\/users\/1"}],"replies":[{"embeddable":true,"href":"https:\/\/2024.wwii-refugees.ee\/en\/wp-json\/wp\/v2\/comments?post=463"}],"version-history":[{"count":4,"href":"https:\/\/2024.wwii-refugees.ee\/en\/wp-json\/wp\/v2\/pages\/463\/revisions"}],"predecessor-version":[{"id":477,"href":"https:\/\/2024.wwii-refugees.ee\/en\/wp-json\/wp\/v2\/pages\/463\/revisions\/477"}],"wp:attachment":[{"href":"https:\/\/2024.wwii-refugees.ee\/en\/wp-json\/wp\/v2\/media?parent=463"}],"curies":[{"name":"wp","href":"https:\/\/api.w.org\/{rel}","templated":true}]}}