{"id":52,"date":"2024-04-01T07:49:11","date_gmt":"2024-04-01T07:49:11","guid":{"rendered":"https:\/\/2024.wwii-refugees.ee\/?page_id=52"},"modified":"2024-08-18T12:50:13","modified_gmt":"2024-08-18T12:50:13","slug":"sundmused-2024","status":"publish","type":"page","link":"https:\/\/2024.wwii-refugees.ee\/en\/sundmused-2024\/","title":{"rendered":"S\u00fcndmused 2024"},"content":{"rendered":"\n<h2 class=\"wp-block-heading\">Events 2024<\/h2>\n\n\n\n<div class=\"wp-block-columns is-layout-flex wp-container-core-columns-is-layout-28f84493 wp-block-columns-is-layout-flex\">\n<div class=\"wp-block-column has-background is-layout-flow wp-block-column-is-layout-flow\" style=\"background-color:#c7dbe1\">\n<figure class=\"wp-block-image size-full has-custom-border\"><img fetchpriority=\"high\" decoding=\"async\" width=\"1024\" height=\"390\" src=\"https:\/\/2024.wwii-refugees.ee\/wp-content\/uploads\/2024\/04\/image.jpeg\" alt=\"Selle pildi alt-atribuut on t\u00fchi. Failinimi on Goteborg_paadid002-2-1024x390.jpg\" class=\"has-border-color wp-image-190\" style=\"border-color:#c7dbe1;border-width:3px;border-radius:4px\" srcset=\"https:\/\/2024.wwii-refugees.ee\/wp-content\/uploads\/2024\/04\/image.jpeg 1024w, https:\/\/2024.wwii-refugees.ee\/wp-content\/uploads\/2024\/04\/image-300x114.jpeg 300w, https:\/\/2024.wwii-refugees.ee\/wp-content\/uploads\/2024\/04\/image-768x293.jpeg 768w\" sizes=\"(max-width: 1024px) 100vw, 1024px\" \/><\/figure>\n\n\n\n<h6 class=\"wp-block-heading\">March Bombing Memorial Event<\/h6>\n\n\n\n<p class=\"has-text-align-left has-small-font-size\">March Bombing Memorial Event and Candle Lighting in cooperation with the Estonian Heritage Society on Harju Street in Tallinn.<\/p>\n\n\n\n<pre class=\"wp-block-preformatted has-small-font-size\"><strong>09 March 2024<\/strong><\/pre>\n<\/div>\n\n\n\n<div class=\"wp-block-column has-background is-layout-flow wp-block-column-is-layout-flow\" style=\"background-color:#f1f1f1\">\n<figure class=\"wp-block-image size-large has-custom-border\"><img decoding=\"async\" width=\"1024\" height=\"390\" src=\"https:\/\/2024.wwii-refugees.ee\/wp-content\/uploads\/2024\/04\/Goteborg_paadid006-1024x390.jpg\" alt=\"\" class=\"has-border-color wp-image-165\" style=\"border-color:#f1f1f1;border-width:3px;border-radius:4px\" srcset=\"https:\/\/2024.wwii-refugees.ee\/wp-content\/uploads\/2024\/04\/Goteborg_paadid006-1024x390.jpg 1024w, https:\/\/2024.wwii-refugees.ee\/wp-content\/uploads\/2024\/04\/Goteborg_paadid006-300x114.jpg 300w, https:\/\/2024.wwii-refugees.ee\/wp-content\/uploads\/2024\/04\/Goteborg_paadid006-768x292.jpg 768w, https:\/\/2024.wwii-refugees.ee\/wp-content\/uploads\/2024\/04\/Goteborg_paadid006.jpg 1200w\" sizes=\"(max-width: 1024px) 100vw, 1024px\" \/><\/figure>\n\n\n\n<h6 class=\"wp-block-heading\">International Photo and Video Competition<\/h6>\n\n\n\n<p class=\"has-small-font-size\">This year&#8217;s International Photo and Video Competition especially welcomes entries related to the topic of Estonian war refugees. The awardees will receive an invitation to the Prime Minister&#8217;s reception at Stenbock House in August.<\/p>\n\n\n\n<pre class=\"wp-block-preformatted has-small-font-size\"><strong>May-June 2024<\/strong><\/pre>\n<\/div>\n\n\n\n<div class=\"wp-block-column has-background is-layout-flow wp-block-column-is-layout-flow\" style=\"background-color:#c7dbe1\">\n<figure class=\"wp-block-image size-large has-custom-border\"><img decoding=\"async\" width=\"1024\" height=\"390\" src=\"https:\/\/2024.wwii-refugees.ee\/wp-content\/uploads\/2024\/04\/Goteborg_paadid004-2-1024x390.jpg\" alt=\"\" class=\"has-border-color wp-image-166\" style=\"border-color:#c7dbe1;border-width:3px;border-radius:4px\" srcset=\"https:\/\/2024.wwii-refugees.ee\/wp-content\/uploads\/2024\/04\/Goteborg_paadid004-2-1024x390.jpg 1024w, https:\/\/2024.wwii-refugees.ee\/wp-content\/uploads\/2024\/04\/Goteborg_paadid004-2-300x114.jpg 300w, https:\/\/2024.wwii-refugees.ee\/wp-content\/uploads\/2024\/04\/Goteborg_paadid004-2-768x292.jpg 768w, https:\/\/2024.wwii-refugees.ee\/wp-content\/uploads\/2024\/04\/Goteborg_paadid004-2.jpg 1200w\" sizes=\"(max-width: 1024px) 100vw, 1024px\" \/><\/figure>\n\n\n\n<h6 class=\"wp-block-heading\">Opening of the outdoor exhibition on the topic of the Mass Flight of 1944.<\/h6>\n\n\n\n<p class=\"has-text-align-left has-small-font-size\">Opening of the outdoor exhibition in six different locations across Estonia.<\/p>\n\n\n\n<pre class=\"wp-block-preformatted has-small-font-size\"><strong>June-November 2024<\/strong><\/pre>\n<\/div>\n<\/div>\n\n\n\n<div class=\"wp-block-columns is-layout-flex wp-container-core-columns-is-layout-28f84493 wp-block-columns-is-layout-flex\">\n<div class=\"wp-block-column has-background is-layout-flow wp-block-column-is-layout-flow\" style=\"background-color:#f1f1f1\">\n<figure class=\"wp-block-image size-full has-custom-border\"><img loading=\"lazy\" decoding=\"async\" width=\"1200\" height=\"457\" src=\"https:\/\/2024.wwii-refugees.ee\/wp-content\/uploads\/2024\/04\/Goteborg_paadid007-1.jpg\" alt=\"\" class=\"has-border-color wp-image-200\" style=\"border-color:#f1f1f1;border-width:3px;border-radius:4px\" srcset=\"https:\/\/2024.wwii-refugees.ee\/wp-content\/uploads\/2024\/04\/Goteborg_paadid007-1.jpg 1200w, https:\/\/2024.wwii-refugees.ee\/wp-content\/uploads\/2024\/04\/Goteborg_paadid007-1-300x114.jpg 300w, https:\/\/2024.wwii-refugees.ee\/wp-content\/uploads\/2024\/04\/Goteborg_paadid007-1-1024x390.jpg 1024w, https:\/\/2024.wwii-refugees.ee\/wp-content\/uploads\/2024\/04\/Goteborg_paadid007-1-768x292.jpg 768w\" sizes=\"(max-width: 1200px) 100vw, 1200px\" \/><\/figure>\n\n\n\n<h6 class=\"wp-block-heading\">June Deportation Memorial Event<\/h6>\n\n\n\n<p class=\"has-text-align-left has-small-font-size\">On the anniversary of the June deportation, the winner of the student essay competition will present their work at the annual ceremony at the Memorial for the Victims of Communism. The competition is organized in cooperation with Postimees and is dedicated to the memory of those that were forced to leave their homeland. The best essays will be published in Postimees.<\/p>\n\n\n\n<pre class=\"wp-block-preformatted has-small-font-size\"><strong>14 June 2024<\/strong><\/pre>\n<\/div>\n\n\n\n<div class=\"wp-block-column has-background is-layout-flow wp-block-column-is-layout-flow\" style=\"background-color:#c7dbe1\">\n<figure class=\"wp-block-image size-large has-custom-border\"><img loading=\"lazy\" decoding=\"async\" width=\"1024\" height=\"390\" src=\"https:\/\/2024.wwii-refugees.ee\/wp-content\/uploads\/2024\/04\/Goteborg_paadid012-1024x390.jpg\" alt=\"\" class=\"has-border-color wp-image-206\" style=\"border-color:#c7dbe1;border-width:3px;border-radius:4px\" srcset=\"https:\/\/2024.wwii-refugees.ee\/wp-content\/uploads\/2024\/04\/Goteborg_paadid012-1024x390.jpg 1024w, https:\/\/2024.wwii-refugees.ee\/wp-content\/uploads\/2024\/04\/Goteborg_paadid012-300x114.jpg 300w, https:\/\/2024.wwii-refugees.ee\/wp-content\/uploads\/2024\/04\/Goteborg_paadid012-768x292.jpg 768w, https:\/\/2024.wwii-refugees.ee\/wp-content\/uploads\/2024\/04\/Goteborg_paadid012.jpg 1200w\" sizes=\"(max-width: 1024px) 100vw, 1024px\" \/><\/figure>\n\n\n\n<h6 class=\"wp-block-heading\">Summer School for youngsters of Estonian descent<\/h6>\n\n\n\n<p class=\"has-small-font-size\">The central themes of the Summer School are Estonia&#8217;s recent history, war refugees, the continuation of resistance in the Estonian diaspora and the history of diplomacy.<\/p>\n\n\n\n<pre class=\"wp-block-preformatted has-small-font-size\"><strong>July-August 2024<\/strong><\/pre>\n<\/div>\n\n\n\n<div class=\"wp-block-column has-background is-layout-flow wp-block-column-is-layout-flow\" style=\"background-color:#f1f1f1\">\n<figure class=\"wp-block-image size-large has-custom-border\"><img loading=\"lazy\" decoding=\"async\" width=\"1024\" height=\"390\" src=\"https:\/\/2024.wwii-refugees.ee\/wp-content\/uploads\/2024\/04\/Goteborg_paadid018-1024x390.jpg\" alt=\"\" class=\"has-border-color wp-image-210\" style=\"border-color:#f1f1f1;border-width:3px;border-radius:4px\" srcset=\"https:\/\/2024.wwii-refugees.ee\/wp-content\/uploads\/2024\/04\/Goteborg_paadid018-1024x390.jpg 1024w, https:\/\/2024.wwii-refugees.ee\/wp-content\/uploads\/2024\/04\/Goteborg_paadid018-300x114.jpg 300w, https:\/\/2024.wwii-refugees.ee\/wp-content\/uploads\/2024\/04\/Goteborg_paadid018-768x292.jpg 768w, https:\/\/2024.wwii-refugees.ee\/wp-content\/uploads\/2024\/04\/Goteborg_paadid018.jpg 1200w\" sizes=\"(max-width: 1024px) 100vw, 1024px\" \/><\/figure>\n\n\n\n<h6 class=\"wp-block-heading\">Conference &#8220;Second World War Estonian War Refugees&#8221;<\/h6>\n\n\n\n<p class=\"has-text-align-left has-small-font-size\">Conference &#8220;Estonian War Refugees in World War II&#8221; takes place at Haapsalu Cultural Center. &#8211; Presentation of the database &#8220;Estonian War Refugees in World War II&#8221;. &#8211; Presentation of the article collection on Swedish boat refugees. &#8211; Premiere of a documentary that covers the themes of helping refugees, the stories of refugees and returnees on the example of Sweden, and illustrates the void left by refugees in Estonian society. &#8211; 17:30-18:45 Reception at Haapsalu Castle for conference participants.<\/p>\n\n\n\n<pre class=\"wp-block-preformatted has-small-font-size\"><strong>24 August 2024<\/strong><\/pre>\n<\/div>\n<\/div>\n\n\n\n<div class=\"wp-block-columns is-layout-flex wp-container-core-columns-is-layout-28f84493 wp-block-columns-is-layout-flex\">\n<div class=\"wp-block-column has-background is-layout-flow wp-block-column-is-layout-flow\" style=\"background-color:#c7dbe1\">\n<figure class=\"wp-block-image size-full has-custom-border\"><img loading=\"lazy\" decoding=\"async\" width=\"1200\" height=\"457\" src=\"https:\/\/2024.wwii-refugees.ee\/wp-content\/uploads\/2024\/04\/Goteborg_paadid011.jpg\" alt=\"\" class=\"has-border-color wp-image-204\" style=\"border-color:#c7dbe1;border-width:3px;border-radius:4px\" srcset=\"https:\/\/2024.wwii-refugees.ee\/wp-content\/uploads\/2024\/04\/Goteborg_paadid011.jpg 1200w, https:\/\/2024.wwii-refugees.ee\/wp-content\/uploads\/2024\/04\/Goteborg_paadid011-300x114.jpg 300w, https:\/\/2024.wwii-refugees.ee\/wp-content\/uploads\/2024\/04\/Goteborg_paadid011-1024x390.jpg 1024w, https:\/\/2024.wwii-refugees.ee\/wp-content\/uploads\/2024\/04\/Goteborg_paadid011-768x292.jpg 768w\" sizes=\"(max-width: 1200px) 100vw, 1200px\" \/><\/figure>\n\n\n\n<h6 class=\"wp-block-heading\">Raimo Kangro &#8220;Mass in the Memory of Innocent Victims in Estonia&#8221;<\/h6>\n\n\n\n<p class=\"has-text-align-left has-small-font-size\">19:00 Raimo Kangro &#8220;Mass in the Memory of Innocent Victims in Estonia&#8221; (1989, op. 40) at Haapsalu Cathedral.<\/p>\n\n\n\n<pre class=\"wp-block-preformatted has-small-font-size\"><strong>24 August 2024<\/strong><\/pre>\n<\/div>\n\n\n\n<div class=\"wp-block-column has-background is-layout-flow wp-block-column-is-layout-flow\" style=\"background-color:#f1f1f1\">\n<figure class=\"wp-block-image size-full has-custom-border\"><img loading=\"lazy\" decoding=\"async\" width=\"1200\" height=\"457\" src=\"https:\/\/2024.wwii-refugees.ee\/wp-content\/uploads\/2024\/04\/Goteborg_paadid008.jpg\" alt=\"\" class=\"has-border-color wp-image-201\" style=\"border-color:#c7dbe1;border-width:3px;border-radius:4px\" srcset=\"https:\/\/2024.wwii-refugees.ee\/wp-content\/uploads\/2024\/04\/Goteborg_paadid008.jpg 1200w, https:\/\/2024.wwii-refugees.ee\/wp-content\/uploads\/2024\/04\/Goteborg_paadid008-300x114.jpg 300w, https:\/\/2024.wwii-refugees.ee\/wp-content\/uploads\/2024\/04\/Goteborg_paadid008-1024x390.jpg 1024w, https:\/\/2024.wwii-refugees.ee\/wp-content\/uploads\/2024\/04\/Goteborg_paadid008-768x292.jpg 768w\" sizes=\"(max-width: 1200px) 100vw, 1200px\" \/><\/figure>\n\n\n\n<h6 class=\"wp-block-heading\">Raimo Kangro &#8220;Mass in the Memory of Innocent Victims in Estonia&#8221;<\/h6>\n\n\n\n<p class=\"has-text-align-left has-small-font-size\">19:00 Raimo Kangro &#8220;Mass in the Memory of Innocent Victims in Estonia&#8221; (1989, op. 40) performance at Tartu Paulus Church.<\/p>\n\n\n\n<pre class=\"wp-block-preformatted has-small-font-size\"><strong>31 August 2024<\/strong><\/pre>\n<\/div>\n\n\n\n<div class=\"wp-block-column has-background is-layout-flow wp-block-column-is-layout-flow\" style=\"background-color:#c7dbe1\">\n<figure class=\"wp-block-image size-large has-custom-border\"><img loading=\"lazy\" decoding=\"async\" width=\"1024\" height=\"390\" src=\"https:\/\/2024.wwii-refugees.ee\/wp-content\/uploads\/2024\/04\/Goteborg_paadid021-2-1024x390.jpg\" alt=\"\" class=\"has-border-color wp-image-214\" style=\"border-color:#f1f1f1;border-width:3px;border-radius:4px\" srcset=\"https:\/\/2024.wwii-refugees.ee\/wp-content\/uploads\/2024\/04\/Goteborg_paadid021-2-1024x390.jpg 1024w, https:\/\/2024.wwii-refugees.ee\/wp-content\/uploads\/2024\/04\/Goteborg_paadid021-2-300x114.jpg 300w, https:\/\/2024.wwii-refugees.ee\/wp-content\/uploads\/2024\/04\/Goteborg_paadid021-2-768x292.jpg 768w, https:\/\/2024.wwii-refugees.ee\/wp-content\/uploads\/2024\/04\/Goteborg_paadid021-2.jpg 1200w\" sizes=\"(max-width: 1024px) 100vw, 1024px\" \/><\/figure>\n\n\n\n<h6 class=\"wp-block-heading\">Estonian War Refugee Memorial Ceremony of the Swedish Estonian Association<\/h6>\n\n\n\n<p>Estonian War Refugee Memorial Ceremony of the Swedish Estonian Association, EIHM documentary and presentation of the article collection dedicated to boat refugees and opening of the exhibition in Slite, Sweden in cooperation with EIHM.<\/p>\n\n\n\n<pre class=\"wp-block-preformatted has-small-font-size\"><strong>13 September 2024<\/strong><\/pre>\n<\/div>\n<\/div>\n\n\n\n<div class=\"wp-block-columns is-layout-flex wp-container-core-columns-is-layout-28f84493 wp-block-columns-is-layout-flex\">\n<div class=\"wp-block-column has-background is-layout-flow wp-block-column-is-layout-flow\" style=\"background-color:#f1f1f1\">\n<figure class=\"wp-block-image size-large has-custom-border\"><img loading=\"lazy\" decoding=\"async\" width=\"1024\" height=\"390\" src=\"https:\/\/2024.wwii-refugees.ee\/wp-content\/uploads\/2024\/04\/Goteborg_paadid022-1024x390.jpg\" alt=\"\" class=\"has-border-color wp-image-215\" style=\"border-color:#c7dbe1;border-width:3px;border-radius:4px\" srcset=\"https:\/\/2024.wwii-refugees.ee\/wp-content\/uploads\/2024\/04\/Goteborg_paadid022-1024x390.jpg 1024w, https:\/\/2024.wwii-refugees.ee\/wp-content\/uploads\/2024\/04\/Goteborg_paadid022-300x114.jpg 300w, https:\/\/2024.wwii-refugees.ee\/wp-content\/uploads\/2024\/04\/Goteborg_paadid022-768x292.jpg 768w, https:\/\/2024.wwii-refugees.ee\/wp-content\/uploads\/2024\/04\/Goteborg_paadid022.jpg 1200w\" sizes=\"(max-width: 1024px) 100vw, 1024px\" \/><\/figure>\n\n\n\n<h6 class=\"wp-block-heading\">Puise Memorial Event<\/h6>\n\n\n\n<p class=\"has-text-align-left has-small-font-size\">Puise Memorial Event, organized by the Estonian Memento Union, Union of Former Estonian Forest Brothers, L\u00e4\u00e4ne District of the Estonian Defence League and L\u00e4\u00e4ne District of the Women&#8217;s voluntary defence organization.<\/p>\n\n\n\n<pre class=\"wp-block-preformatted has-small-font-size\"><strong>21 September 2024<\/strong><\/pre>\n<\/div>\n\n\n\n<div class=\"wp-block-column has-background is-layout-flow wp-block-column-is-layout-flow\" style=\"background-color:#c7dbe1\">\n<figure class=\"wp-block-image size-full has-custom-border\"><img loading=\"lazy\" decoding=\"async\" width=\"1200\" height=\"457\" src=\"https:\/\/2024.wwii-refugees.ee\/wp-content\/uploads\/2024\/04\/Goteborg_paadid007-1.jpg\" alt=\"\" class=\"has-border-color wp-image-200\" style=\"border-color:#f1f1f1;border-width:3px;border-radius:4px\" srcset=\"https:\/\/2024.wwii-refugees.ee\/wp-content\/uploads\/2024\/04\/Goteborg_paadid007-1.jpg 1200w, https:\/\/2024.wwii-refugees.ee\/wp-content\/uploads\/2024\/04\/Goteborg_paadid007-1-300x114.jpg 300w, https:\/\/2024.wwii-refugees.ee\/wp-content\/uploads\/2024\/04\/Goteborg_paadid007-1-1024x390.jpg 1024w, https:\/\/2024.wwii-refugees.ee\/wp-content\/uploads\/2024\/04\/Goteborg_paadid007-1-768x292.jpg 768w\" sizes=\"(max-width: 1200px) 100vw, 1200px\" \/><\/figure>\n\n\n\n<h6 class=\"wp-block-heading\">Opening of the 1944 Mass Flight memorial in P\u00e4rnu<\/h6>\n\n\n\n<p class=\"has-text-align-left has-small-font-size\">The memorial was built on the initiative of Estonians abroad. The author of the monument is sculptor Elo Liiv.<\/p>\n\n\n\n<pre class=\"wp-block-preformatted has-small-font-size\"><strong>21 September 2024<\/strong><\/pre>\n<\/div>\n\n\n\n<div class=\"wp-block-column has-background is-layout-flow wp-block-column-is-layout-flow\" style=\"background-color:#f1f1f1\">\n<figure class=\"wp-block-image size-large has-custom-border\"><img loading=\"lazy\" decoding=\"async\" width=\"1024\" height=\"390\" src=\"https:\/\/2024.wwii-refugees.ee\/wp-content\/uploads\/2024\/04\/Goteborg_paadid012-1024x390.jpg\" alt=\"\" class=\"has-border-color wp-image-206\" style=\"border-color:#c7dbe1;border-width:3px;border-radius:4px\" srcset=\"https:\/\/2024.wwii-refugees.ee\/wp-content\/uploads\/2024\/04\/Goteborg_paadid012-1024x390.jpg 1024w, https:\/\/2024.wwii-refugees.ee\/wp-content\/uploads\/2024\/04\/Goteborg_paadid012-300x114.jpg 300w, https:\/\/2024.wwii-refugees.ee\/wp-content\/uploads\/2024\/04\/Goteborg_paadid012-768x292.jpg 768w, https:\/\/2024.wwii-refugees.ee\/wp-content\/uploads\/2024\/04\/Goteborg_paadid012.jpg 1200w\" sizes=\"(max-width: 1024px) 100vw, 1024px\" \/><\/figure>\n\n\n\n<h6 class=\"wp-block-heading\">Raimo Kangro &#8220;Mass in the Memory of Innocent Victims in Estonia&#8221;<\/h6>\n\n\n\n<p class=\"has-small-font-size\">19:00 Raimo Kangro &#8220;Mass for the Innocently Killed Estonians&#8221; (1989, op. 40) performance at Kaarli Church in Tallinn.<\/p>\n\n\n\n<pre class=\"wp-block-preformatted has-small-font-size\"><strong>21 September 2024<\/strong><\/pre>\n<\/div>\n<\/div>\n\n\n\n<div class=\"wp-block-columns is-layout-flex wp-container-core-columns-is-layout-28f84493 wp-block-columns-is-layout-flex\">\n<div class=\"wp-block-column has-background is-layout-flow wp-block-column-is-layout-flow\" style=\"background-color:#c7dbe1\">\n<figure class=\"wp-block-image size-large has-custom-border\"><img loading=\"lazy\" decoding=\"async\" width=\"1024\" height=\"390\" src=\"https:\/\/2024.wwii-refugees.ee\/wp-content\/uploads\/2024\/04\/Goteborg_paadid018-1024x390.jpg\" alt=\"\" class=\"has-border-color wp-image-210\" style=\"border-color:#f1f1f1;border-width:3px;border-radius:4px\" srcset=\"https:\/\/2024.wwii-refugees.ee\/wp-content\/uploads\/2024\/04\/Goteborg_paadid018-1024x390.jpg 1024w, https:\/\/2024.wwii-refugees.ee\/wp-content\/uploads\/2024\/04\/Goteborg_paadid018-300x114.jpg 300w, https:\/\/2024.wwii-refugees.ee\/wp-content\/uploads\/2024\/04\/Goteborg_paadid018-768x292.jpg 768w, https:\/\/2024.wwii-refugees.ee\/wp-content\/uploads\/2024\/04\/Goteborg_paadid018.jpg 1200w\" sizes=\"(max-width: 1024px) 100vw, 1024px\" \/><\/figure>\n\n\n\n<h6 class=\"wp-block-heading\">Time travel for schoolchildren: The Mass Flight of 1944<\/h6>\n\n\n\n<p class=\"has-text-align-left has-small-font-size\">The Time Travel Method is an educational method that uses local heritage in the learning process to reflect on contemporary issues and provide tools for community building. The goal is to promote learning, social cohesion and support education in schools.<\/p>\n\n\n\n<pre class=\"wp-block-preformatted has-small-font-size\"><strong>September 2024<\/strong><\/pre>\n<\/div>\n\n\n\n<div class=\"wp-block-column has-background is-layout-flow wp-block-column-is-layout-flow\" style=\"background-color:#f1f1f1\"><\/div>\n\n\n\n<div class=\"wp-block-column has-background is-layout-flow wp-block-column-is-layout-flow\" style=\"background-color:#c7dbe1\"><\/div>\n<\/div>\n\n\n\n<p><\/p>\n","protected":false},"excerpt":{"rendered":"<p>Events 2024 March Bombing Memorial Event March Bombing Memorial Event and Candle Lighting in cooperation with the Estonian Heritage Society on Harju Street in Tallinn. 09 March 2024 International Photo and Video Competition This year&#8217;s International Photo and Video Competition especially welcomes entries related to the topic of Estonian war refugees. The awardees will receive [&hellip;]<\/p>\n","protected":false},"author":1,"featured_media":0,"parent":0,"menu_order":0,"comment_status":"closed","ping_status":"closed","template":"","meta":{"_monsterinsights_skip_tracking":false,"_monsterinsights_sitenote_active":false,"_monsterinsights_sitenote_note":"","_monsterinsights_sitenote_category":0,"footnotes":""},"class_list":["post-52","page","type-page","status-publish","hentry"],"aioseo_notices":[],"_links":{"self":[{"href":"https:\/\/2024.wwii-refugees.ee\/en\/wp-json\/wp\/v2\/pages\/52","targetHints":{"allow":["GET"]}}],"collection":[{"href":"https:\/\/2024.wwii-refugees.ee\/en\/wp-json\/wp\/v2\/pages"}],"about":[{"href":"https:\/\/2024.wwii-refugees.ee\/en\/wp-json\/wp\/v2\/types\/page"}],"author":[{"embeddable":true,"href":"https:\/\/2024.wwii-refugees.ee\/en\/wp-json\/wp\/v2\/users\/1"}],"replies":[{"embeddable":true,"href":"https:\/\/2024.wwii-refugees.ee\/en\/wp-json\/wp\/v2\/comments?post=52"}],"version-history":[{"count":41,"href":"https:\/\/2024.wwii-refugees.ee\/en\/wp-json\/wp\/v2\/pages\/52\/revisions"}],"predecessor-version":[{"id":699,"href":"https:\/\/2024.wwii-refugees.ee\/en\/wp-json\/wp\/v2\/pages\/52\/revisions\/699"}],"wp:attachment":[{"href":"https:\/\/2024.wwii-refugees.ee\/en\/wp-json\/wp\/v2\/media?parent=52"}],"curies":[{"name":"wp","href":"https:\/\/api.w.org\/{rel}","templated":true}]}}